{"id":84160,"date":"2022-01-29T12:41:49","date_gmt":"2022-01-29T17:41:49","guid":{"rendered":"https:\/\/www.unjspf.org\/pour-les-clients\/retraite-ou-recevoir-des-prestations\/"},"modified":"2022-04-12T16:30:51","modified_gmt":"2022-04-12T20:30:51","slug":"retraite-ou-recevoir-des-prestations","status":"publish","type":"page","link":"https:\/\/www.unjspf.org\/fr\/pour-les-clients\/retraite-ou-recevoir-des-prestations\/","title":{"rendered":"Retrait\u00e9 ou b\u00e9n\u00e9ficiaire"},"content":{"rendered":"","protected":false},"excerpt":{"rendered":"","protected":false},"author":7,"featured_media":0,"parent":83930,"menu_order":3,"comment_status":"closed","ping_status":"closed","template":"","meta":{"_acf_changed":false,"footnotes":""},"class_list":["post-84160","page","type-page","status-publish","hentry"],"acf":[],"_links":{"self":[{"href":"https:\/\/www.unjspf.org\/fr\/wp-json\/wp\/v2\/pages\/84160","targetHints":{"allow":["GET"]}}],"collection":[{"href":"https:\/\/www.unjspf.org\/fr\/wp-json\/wp\/v2\/pages"}],"about":[{"href":"https:\/\/www.unjspf.org\/fr\/wp-json\/wp\/v2\/types\/page"}],"author":[{"embeddable":true,"href":"https:\/\/www.unjspf.org\/fr\/wp-json\/wp\/v2\/users\/7"}],"replies":[{"embeddable":true,"href":"https:\/\/www.unjspf.org\/fr\/wp-json\/wp\/v2\/comments?post=84160"}],"version-history":[{"count":2,"href":"https:\/\/www.unjspf.org\/fr\/wp-json\/wp\/v2\/pages\/84160\/revisions"}],"predecessor-version":[{"id":84511,"href":"https:\/\/www.unjspf.org\/fr\/wp-json\/wp\/v2\/pages\/84160\/revisions\/84511"}],"up":[{"embeddable":true,"href":"https:\/\/www.unjspf.org\/fr\/wp-json\/wp\/v2\/pages\/83930"}],"wp:attachment":[{"href":"https:\/\/www.unjspf.org\/fr\/wp-json\/wp\/v2\/media?parent=84160"}],"curies":[{"name":"wp","href":"https:\/\/api.w.org\/{rel}","templated":true}]}}